{"id":80,"date":"2026-03-24T09:29:21","date_gmt":"2026-03-24T09:29:21","guid":{"rendered":"https:\/\/citoyenprevoyant.fr\/produit\/carnet-de-notes-preparation\/"},"modified":"2026-03-24T09:29:21","modified_gmt":"2026-03-24T09:29:21","slug":"carnet-de-notes-preparation","status":"publish","type":"product","link":"https:\/\/citoyenprevoyant.fr\/en\/product\/carnet-de-notes-preparation\/","title":{"rendered":"Carnet de Notes Pr\u00e9paration"},"content":{"rendered":"<p>Carnet pratique pour noter vos plans de pr\u00e9paration et vos id\u00e9es d&rsquo;autonomie.<\/p>","protected":false},"excerpt":{"rendered":"<p>Carnet pratique pour noter vos plans de pr\u00e9paration et vos id\u00e9es d&rsquo;autonomie.<\/p>","protected":false},"featured_media":0,"comment_status":"open","ping_status":"closed","template":"","meta":{"_yoast_wpseo_focuskw":"","_yoast_wpseo_title":"","_yoast_wpseo_metadesc":"","_yoast_wpseo_opengraph-title":"","_yoast_wpseo_opengraph-description":"","_yoast_wpseo_twitter-title":"","_yoast_wpseo_twitter-description":""},"product_brand":[],"product_cat":[31],"product_tag":[],"class_list":{"0":"post-80","1":"product","2":"type-product","3":"status-publish","5":"product_cat-papeterie","7":"first","8":"instock","9":"shipping-taxable","10":"purchasable","11":"product-type-simple"},"yoast_head":"<!-- This site is optimized with the Yoast SEO plugin v27.4 - https:\/\/yoast.com\/product\/yoast-seo-wordpress\/ -->\n<title>Carnet de Notes Pr\u00e9paration - Citoyen Pr\u00e9voyant<\/title>\n<meta name=\"robots\" content=\"index, follow, max-snippet:-1, max-image-preview:large, max-video-preview:-1\" \/>\n<link rel=\"canonical\" href=\"https:\/\/citoyenprevoyant.fr\/en\/product\/carnet-de-notes-preparation\/\" \/>\n<meta property=\"og:locale\" content=\"en_US\" \/>\n<meta property=\"og:type\" content=\"article\" \/>\n<meta property=\"og:title\" content=\"Carnet de Notes Pr\u00e9paration - Citoyen Pr\u00e9voyant\" \/>\n<meta property=\"og:description\" content=\"Carnet pratique pour noter vos plans de pr\u00e9paration et vos id\u00e9es d&rsquo;autonomie.\" \/>\n<meta property=\"og:url\" content=\"https:\/\/citoyenprevoyant.fr\/en\/product\/carnet-de-notes-preparation\/\" \/>\n<meta property=\"og:site_name\" content=\"Citoyen Pr\u00e9voyant\" \/>\n<meta property=\"article:publisher\" content=\"https:\/\/www.facebook.com\/groups\/citoyenprevoyant?locale=fr_FR\" \/>\n<meta name=\"twitter:card\" content=\"summary_large_image\" \/>\n<script type=\"application\/ld+json\" class=\"yoast-schema-graph\">{\"@context\":\"https:\\\/\\\/schema.org\",\"@graph\":[{\"@type\":\"WebPage\",\"@id\":\"https:\\\/\\\/citoyenprevoyant.fr\\\/produit\\\/carnet-de-notes-preparation\\\/\",\"url\":\"https:\\\/\\\/citoyenprevoyant.fr\\\/produit\\\/carnet-de-notes-preparation\\\/\",\"name\":\"Carnet de Notes Pr\u00e9paration - Citoyen Pr\u00e9voyant\",\"isPartOf\":{\"@id\":\"https:\\\/\\\/citoyenprevoyant.fr\\\/#website\"},\"datePublished\":\"2026-03-24T09:29:21+00:00\",\"breadcrumb\":{\"@id\":\"https:\\\/\\\/citoyenprevoyant.fr\\\/produit\\\/carnet-de-notes-preparation\\\/#breadcrumb\"},\"inLanguage\":\"en-US\",\"potentialAction\":[{\"@type\":\"ReadAction\",\"target\":[\"https:\\\/\\\/citoyenprevoyant.fr\\\/produit\\\/carnet-de-notes-preparation\\\/\"]}]},{\"@type\":\"BreadcrumbList\",\"@id\":\"https:\\\/\\\/citoyenprevoyant.fr\\\/produit\\\/carnet-de-notes-preparation\\\/#breadcrumb\",\"itemListElement\":[{\"@type\":\"ListItem\",\"position\":1,\"name\":\"Accueil\",\"item\":\"https:\\\/\\\/citoyenprevoyant.fr\\\/\"},{\"@type\":\"ListItem\",\"position\":2,\"name\":\"Boutique\",\"item\":\"https:\\\/\\\/citoyenprevoyant.fr\\\/boutique\\\/\"},{\"@type\":\"ListItem\",\"position\":3,\"name\":\"Carnet de Notes Pr\u00e9paration\"}]},{\"@type\":\"WebSite\",\"@id\":\"https:\\\/\\\/citoyenprevoyant.fr\\\/#website\",\"url\":\"https:\\\/\\\/citoyenprevoyant.fr\\\/\",\"name\":\"Citoyen Pr\u00e9voyant\",\"description\":\"Autonomie, Savoir faire, R\u00e9silience\",\"publisher\":{\"@id\":\"https:\\\/\\\/citoyenprevoyant.fr\\\/#\\\/schema\\\/person\\\/6bed9382de56e0e7ab07bd2f54c83484\"},\"potentialAction\":[{\"@type\":\"SearchAction\",\"target\":{\"@type\":\"EntryPoint\",\"urlTemplate\":\"https:\\\/\\\/citoyenprevoyant.fr\\\/?s={search_term_string}\"},\"query-input\":{\"@type\":\"PropertyValueSpecification\",\"valueRequired\":true,\"valueName\":\"search_term_string\"}}],\"inLanguage\":\"en-US\"},{\"@type\":[\"Person\",\"Organization\"],\"@id\":\"https:\\\/\\\/citoyenprevoyant.fr\\\/#\\\/schema\\\/person\\\/6bed9382de56e0e7ab07bd2f54c83484\",\"name\":\"admin\",\"image\":{\"@type\":\"ImageObject\",\"inLanguage\":\"en-US\",\"@id\":\"https:\\\/\\\/citoyenprevoyant.fr\\\/wp-content\\\/uploads\\\/2026\\\/03\\\/cropped-logo-citoyen-prevoyant-v2-france-scaled-1.png\",\"url\":\"https:\\\/\\\/citoyenprevoyant.fr\\\/wp-content\\\/uploads\\\/2026\\\/03\\\/cropped-logo-citoyen-prevoyant-v2-france-scaled-1.png\",\"contentUrl\":\"https:\\\/\\\/citoyenprevoyant.fr\\\/wp-content\\\/uploads\\\/2026\\\/03\\\/cropped-logo-citoyen-prevoyant-v2-france-scaled-1.png\",\"width\":512,\"height\":512,\"caption\":\"admin\"},\"logo\":{\"@id\":\"https:\\\/\\\/citoyenprevoyant.fr\\\/wp-content\\\/uploads\\\/2026\\\/03\\\/cropped-logo-citoyen-prevoyant-v2-france-scaled-1.png\"},\"sameAs\":[\"https:\\\/\\\/citoyenprevoyant.fr\",\"https:\\\/\\\/www.facebook.com\\\/groups\\\/citoyenprevoyant?locale=fr_FR\",\"https:\\\/\\\/www.instagram.com\\\/citoyen.prevoyant\\\/?hl=fr\",\"https:\\\/\\\/www.linkedin.com\\\/in\\\/stevens-saverimoutou\\\/\"]}]}<\/script>\n<!-- \/ Yoast SEO plugin. -->","yoast_head_json":{"title":"Carnet de Notes Pr\u00e9paration - Citoyen Pr\u00e9voyant","robots":{"index":"index","follow":"follow","max-snippet":"max-snippet:-1","max-image-preview":"max-image-preview:large","max-video-preview":"max-video-preview:-1"},"canonical":"https:\/\/citoyenprevoyant.fr\/en\/product\/carnet-de-notes-preparation\/","og_locale":"en_US","og_type":"article","og_title":"Carnet de Notes Pr\u00e9paration - Citoyen Pr\u00e9voyant","og_description":"Carnet pratique pour noter vos plans de pr\u00e9paration et vos id\u00e9es d&rsquo;autonomie.","og_url":"https:\/\/citoyenprevoyant.fr\/en\/product\/carnet-de-notes-preparation\/","og_site_name":"Citoyen Pr\u00e9voyant","article_publisher":"https:\/\/www.facebook.com\/groups\/citoyenprevoyant?locale=fr_FR","twitter_card":"summary_large_image","schema":{"@context":"https:\/\/schema.org","@graph":[{"@type":"WebPage","@id":"https:\/\/citoyenprevoyant.fr\/produit\/carnet-de-notes-preparation\/","url":"https:\/\/citoyenprevoyant.fr\/produit\/carnet-de-notes-preparation\/","name":"Carnet de Notes Pr\u00e9paration - Citoyen Pr\u00e9voyant","isPartOf":{"@id":"https:\/\/citoyenprevoyant.fr\/#website"},"datePublished":"2026-03-24T09:29:21+00:00","breadcrumb":{"@id":"https:\/\/citoyenprevoyant.fr\/produit\/carnet-de-notes-preparation\/#breadcrumb"},"inLanguage":"en-US","potentialAction":[{"@type":"ReadAction","target":["https:\/\/citoyenprevoyant.fr\/produit\/carnet-de-notes-preparation\/"]}]},{"@type":"BreadcrumbList","@id":"https:\/\/citoyenprevoyant.fr\/produit\/carnet-de-notes-preparation\/#breadcrumb","itemListElement":[{"@type":"ListItem","position":1,"name":"Accueil","item":"https:\/\/citoyenprevoyant.fr\/"},{"@type":"ListItem","position":2,"name":"Boutique","item":"https:\/\/citoyenprevoyant.fr\/boutique\/"},{"@type":"ListItem","position":3,"name":"Carnet de Notes Pr\u00e9paration"}]},{"@type":"WebSite","@id":"https:\/\/citoyenprevoyant.fr\/#website","url":"https:\/\/citoyenprevoyant.fr\/","name":"Citoyen Pr\u00e9voyant","description":"Autonomie, Savoir faire, R\u00e9silience","publisher":{"@id":"https:\/\/citoyenprevoyant.fr\/#\/schema\/person\/6bed9382de56e0e7ab07bd2f54c83484"},"potentialAction":[{"@type":"SearchAction","target":{"@type":"EntryPoint","urlTemplate":"https:\/\/citoyenprevoyant.fr\/?s={search_term_string}"},"query-input":{"@type":"PropertyValueSpecification","valueRequired":true,"valueName":"search_term_string"}}],"inLanguage":"en-US"},{"@type":["Person","Organization"],"@id":"https:\/\/citoyenprevoyant.fr\/#\/schema\/person\/6bed9382de56e0e7ab07bd2f54c83484","name":"admin","image":{"@type":"ImageObject","inLanguage":"en-US","@id":"https:\/\/citoyenprevoyant.fr\/wp-content\/uploads\/2026\/03\/cropped-logo-citoyen-prevoyant-v2-france-scaled-1.png","url":"https:\/\/citoyenprevoyant.fr\/wp-content\/uploads\/2026\/03\/cropped-logo-citoyen-prevoyant-v2-france-scaled-1.png","contentUrl":"https:\/\/citoyenprevoyant.fr\/wp-content\/uploads\/2026\/03\/cropped-logo-citoyen-prevoyant-v2-france-scaled-1.png","width":512,"height":512,"caption":"admin"},"logo":{"@id":"https:\/\/citoyenprevoyant.fr\/wp-content\/uploads\/2026\/03\/cropped-logo-citoyen-prevoyant-v2-france-scaled-1.png"},"sameAs":["https:\/\/citoyenprevoyant.fr","https:\/\/www.facebook.com\/groups\/citoyenprevoyant?locale=fr_FR","https:\/\/www.instagram.com\/citoyen.prevoyant\/?hl=fr","https:\/\/www.linkedin.com\/in\/stevens-saverimoutou\/"]}]}},"_links":{"self":[{"href":"https:\/\/citoyenprevoyant.fr\/en\/wp-json\/wp\/v2\/product\/80","targetHints":{"allow":["GET"]}}],"collection":[{"href":"https:\/\/citoyenprevoyant.fr\/en\/wp-json\/wp\/v2\/product"}],"about":[{"href":"https:\/\/citoyenprevoyant.fr\/en\/wp-json\/wp\/v2\/types\/product"}],"replies":[{"embeddable":true,"href":"https:\/\/citoyenprevoyant.fr\/en\/wp-json\/wp\/v2\/comments?post=80"}],"wp:attachment":[{"href":"https:\/\/citoyenprevoyant.fr\/en\/wp-json\/wp\/v2\/media?parent=80"}],"wp:term":[{"taxonomy":"product_brand","embeddable":true,"href":"https:\/\/citoyenprevoyant.fr\/en\/wp-json\/wp\/v2\/product_brand?post=80"},{"taxonomy":"product_cat","embeddable":true,"href":"https:\/\/citoyenprevoyant.fr\/en\/wp-json\/wp\/v2\/product_cat?post=80"},{"taxonomy":"product_tag","embeddable":true,"href":"https:\/\/citoyenprevoyant.fr\/en\/wp-json\/wp\/v2\/product_tag?post=80"}],"curies":[{"name":"wp","href":"https:\/\/api.w.org\/{rel}","templated":true}]}}